{"id":6,"date":"2016-10-01T09:34:56","date_gmt":"2016-10-01T08:34:56","guid":{"rendered":"http:\/\/turgis.org\/?page_id=6"},"modified":"2016-10-01T09:34:56","modified_gmt":"2016-10-01T08:34:56","slug":"genealogies","status":"publish","type":"page","link":"https:\/\/www.turgis.org\/?page_id=6","title":{"rendered":"G\u00e9n\u00e9alogies"},"content":{"rendered":"<p>Cette page en construction sera d\u00e9di\u00e9e aux g\u00e9n\u00e9alogies de la famille TURGIS compil\u00e9es par les porteurs du patronyme \u00e0 travers la France. Leurs connections \u00e9ventuelles seront facilit\u00e9es par l&rsquo;usage de la plateforme GENI, sur laquelle nous vous invitons d\u00e8s maintenant \u00e0 cr\u00e9er gratuitement votre arbre g\u00e9n\u00e9alogique.<\/p>\n<p>Cliquez sur le lien ci-dessous pour en savoir plus.<br \/>\n<iframe loading=\"lazy\" src=\"https:\/\/www.geni.com\/trends\/world_tree_badge\" width=\"200\" height=\"55\" frameborder=\"0\" scrolling=\"no\"><\/iframe><\/p>\n<div style=\"font-family: Arial,Helvetica,sans-serif; font-size: 10px;\">Join the world&rsquo;s largest <a href=\"https:\/\/www.geni.com\">family tree<\/a><\/div>\n<p>&nbsp;<\/p>\n","protected":false},"excerpt":{"rendered":"<p>Cette page en construction sera d\u00e9di\u00e9e aux g\u00e9n\u00e9alogies de la famille TURGIS compil\u00e9es par les porteurs du patronyme \u00e0 travers la France. Leurs connections \u00e9ventuelles seront facilit\u00e9es par l&rsquo;usage de la plateforme GENI, sur laquelle nous vous invitons d\u00e8s maintenant \u00e0 cr\u00e9er gratuitement votre arbre g\u00e9n\u00e9alogique. Cliquez sur le lien ci-dessous pour en savoir plus. Join the world&rsquo;s largest family tree &nbsp;<\/p>\n","protected":false},"author":1,"featured_media":0,"parent":0,"menu_order":0,"comment_status":"closed","ping_status":"closed","template":"","meta":[],"_links":{"self":[{"href":"https:\/\/www.turgis.org\/index.php?rest_route=\/wp\/v2\/pages\/6"}],"collection":[{"href":"https:\/\/www.turgis.org\/index.php?rest_route=\/wp\/v2\/pages"}],"about":[{"href":"https:\/\/www.turgis.org\/index.php?rest_route=\/wp\/v2\/types\/page"}],"author":[{"embeddable":true,"href":"https:\/\/www.turgis.org\/index.php?rest_route=\/wp\/v2\/users\/1"}],"replies":[{"embeddable":true,"href":"https:\/\/www.turgis.org\/index.php?rest_route=%2Fwp%2Fv2%2Fcomments&post=6"}],"version-history":[{"count":2,"href":"https:\/\/www.turgis.org\/index.php?rest_route=\/wp\/v2\/pages\/6\/revisions"}],"predecessor-version":[{"id":154,"href":"https:\/\/www.turgis.org\/index.php?rest_route=\/wp\/v2\/pages\/6\/revisions\/154"}],"wp:attachment":[{"href":"https:\/\/www.turgis.org\/index.php?rest_route=%2Fwp%2Fv2%2Fmedia&parent=6"}],"curies":[{"name":"wp","href":"https:\/\/api.w.org\/{rel}","templated":true}]}}